{"id":107,"date":"2022-01-23T13:53:58","date_gmt":"2022-01-23T13:53:58","guid":{"rendered":"https:\/\/www.forlagetfortid.dk\/?page_id=107"},"modified":"2022-01-25T22:14:49","modified_gmt":"2022-01-25T22:14:49","slug":"nyheder","status":"publish","type":"page","link":"https:\/\/www.forlagetfortid.dk\/","title":{"rendered":"Nyheder"},"content":{"rendered":"\t\t<div data-elementor-type=\"wp-page\" data-elementor-id=\"107\" class=\"elementor elementor-107\">\n\t\t\t\t\t\t<section class=\"elementor-section elementor-top-section elementor-element elementor-element-25573a53 elementor-section-content-middle elementor-reverse-mobile elementor-section-boxed elementor-section-height-default elementor-section-height-default\" data-id=\"25573a53\" data-element_type=\"section\" data-e-type=\"section\">\n\t\t\t\t\t\t<div class=\"elementor-container elementor-column-gap-no\">\n\t\t\t\t\t<div class=\"elementor-column elementor-col-50 elementor-top-column elementor-element elementor-element-698e288e\" data-id=\"698e288e\" data-element_type=\"column\" data-e-type=\"column\">\n\t\t\t<div class=\"elementor-widget-wrap elementor-element-populated\">\n\t\t\t\t\t\t<div class=\"elementor-element elementor-element-7bfd4e43 elementor-widget elementor-widget-heading\" data-id=\"7bfd4e43\" data-element_type=\"widget\" data-e-type=\"widget\" data-widget_type=\"heading.default\">\n\t\t\t\t<div class=\"elementor-widget-container\">\n\t\t\t\t\t<h4 class=\"elementor-heading-title elementor-size-default\">Velkommen til!<\/h4>\t\t\t\t<\/div>\n\t\t\t\t<\/div>\n\t\t\t\t<div class=\"elementor-element elementor-element-1894cfb9 elementor-widget elementor-widget-text-editor\" data-id=\"1894cfb9\" data-element_type=\"widget\" data-e-type=\"widget\" data-widget_type=\"text-editor.default\">\n\t\t\t\t<div class=\"elementor-widget-container\">\n\t\t\t\t\t\t\t\t\t<p><i>Forlaget Fortids<\/i> udgivelsesprofil vil hovedsageligt v\u00e6re rettet mod at udgive nye og gamle overs\u00e6ttelser af kilder til Danmarks og verdens historie i serien <i>Tilbage til fortiden<\/i>. <br \/>En udgivelsesserie som vil egne sig til historieundervisningen og de st\u00f8rre skriftlige opgaver, men som ogs\u00e5 vil egne sig til den alment interesserede l\u00e6ser. <\/p><p>Se under <a href=\"https:\/\/www.forlagetfortid.dk\/?page_id=10\" target=\"_blank\" rel=\"noopener\">&#8216;Om forlaget&#8217; <\/a>for flere informationer.<\/p><p>\u00a0<\/p>\t\t\t\t\t\t\t\t<\/div>\n\t\t\t\t<\/div>\n\t\t\t\t<div class=\"elementor-element elementor-element-638b067d elementor-align-center elementor-widget elementor-widget-button\" data-id=\"638b067d\" data-element_type=\"widget\" data-e-type=\"widget\" data-widget_type=\"button.default\">\n\t\t\t\t<div class=\"elementor-widget-container\">\n\t\t\t\t\t\t\t\t\t<div class=\"elementor-button-wrapper\">\n\t\t\t\t\t<a class=\"elementor-button elementor-button-link elementor-size-sm elementor-animation-grow\" href=\"https:\/\/www.forlagetfortid.dk\/?page_id=8\">\n\t\t\t\t\t\t<span class=\"elementor-button-content-wrapper\">\n\t\t\t\t\t\t\t\t\t<span class=\"elementor-button-text\">Se alle vores udgivelser<\/span>\n\t\t\t\t\t<\/span>\n\t\t\t\t\t<\/a>\n\t\t\t\t<\/div>\n\t\t\t\t\t\t\t\t<\/div>\n\t\t\t\t<\/div>\n\t\t\t\t\t<\/div>\n\t\t<\/div>\n\t\t\t\t<div class=\"elementor-column elementor-col-50 elementor-top-column elementor-element elementor-element-243b062c\" data-id=\"243b062c\" data-element_type=\"column\" data-e-type=\"column\">\n\t\t\t<div class=\"elementor-widget-wrap elementor-element-populated\">\n\t\t\t\t\t\t<div class=\"elementor-element elementor-element-6ad76335 elementor-widget elementor-widget-image\" data-id=\"6ad76335\" data-element_type=\"widget\" data-e-type=\"widget\" data-widget_type=\"image.default\">\n\t\t\t\t<div class=\"elementor-widget-container\">\n\t\t\t\t\t\t\t\t\t\t\t\t<figure class=\"wp-caption\">\n\t\t\t\t\t\t\t\t\t\t<img fetchpriority=\"high\" decoding=\"async\" width=\"768\" height=\"576\" src=\"https:\/\/www.forlagetfortid.dk\/wp-content\/uploads\/2022\/01\/SAM_0549-768x576.jpg\" class=\"attachment-medium_large size-medium_large wp-image-167\" alt=\"\" srcset=\"https:\/\/www.forlagetfortid.dk\/wp-content\/uploads\/2022\/01\/SAM_0549-768x576.jpg 768w, https:\/\/www.forlagetfortid.dk\/wp-content\/uploads\/2022\/01\/SAM_0549-300x225.jpg 300w, https:\/\/www.forlagetfortid.dk\/wp-content\/uploads\/2022\/01\/SAM_0549-1024x768.jpg 1024w, https:\/\/www.forlagetfortid.dk\/wp-content\/uploads\/2022\/01\/SAM_0549-1536x1152.jpg 1536w, https:\/\/www.forlagetfortid.dk\/wp-content\/uploads\/2022\/01\/SAM_0549-2048x1536.jpg 2048w\" sizes=\"(max-width: 768px) 100vw, 768px\" \/>\t\t\t\t\t\t\t\t\t\t\t<figcaption class=\"widget-image-caption wp-caption-text\">Forlaget er baseret i Sor\u00f8, hvor fortiden aldrig er mere end en rask g\u00e5tur v\u00e6k. <\/figcaption>\n\t\t\t\t\t\t\t\t\t\t<\/figure>\n\t\t\t\t\t\t\t\t\t<\/div>\n\t\t\t\t<\/div>\n\t\t\t\t\t<\/div>\n\t\t<\/div>\n\t\t\t\t\t<\/div>\n\t\t<\/section>\n\t\t\t\t<\/div>\n\t\t","protected":false},"excerpt":{"rendered":"<p>Velkommen til! Forlaget Fortids udgivelsesprofil vil hovedsageligt v\u00e6re rettet mod at udgive nye og gamle overs\u00e6ttelser af kilder til Danmarks og verdens historie i serien Tilbage til fortiden. En udgivelsesserie som vil egne sig til historieundervisningen og de st\u00f8rre skriftlige opgaver, men som ogs\u00e5 vil egne sig til den alment interesserede l\u00e6ser. Se under &#8216;Om [&hellip;]<\/p>\n","protected":false},"author":1,"featured_media":0,"parent":0,"menu_order":0,"comment_status":"closed","ping_status":"closed","template":"","meta":{"footnotes":""},"class_list":["post-107","page","type-page","status-publish","hentry"],"_links":{"self":[{"href":"https:\/\/www.forlagetfortid.dk\/index.php?rest_route=\/wp\/v2\/pages\/107","targetHints":{"allow":["GET"]}}],"collection":[{"href":"https:\/\/www.forlagetfortid.dk\/index.php?rest_route=\/wp\/v2\/pages"}],"about":[{"href":"https:\/\/www.forlagetfortid.dk\/index.php?rest_route=\/wp\/v2\/types\/page"}],"author":[{"embeddable":true,"href":"https:\/\/www.forlagetfortid.dk\/index.php?rest_route=\/wp\/v2\/users\/1"}],"replies":[{"embeddable":true,"href":"https:\/\/www.forlagetfortid.dk\/index.php?rest_route=%2Fwp%2Fv2%2Fcomments&post=107"}],"version-history":[{"count":69,"href":"https:\/\/www.forlagetfortid.dk\/index.php?rest_route=\/wp\/v2\/pages\/107\/revisions"}],"predecessor-version":[{"id":360,"href":"https:\/\/www.forlagetfortid.dk\/index.php?rest_route=\/wp\/v2\/pages\/107\/revisions\/360"}],"wp:attachment":[{"href":"https:\/\/www.forlagetfortid.dk\/index.php?rest_route=%2Fwp%2Fv2%2Fmedia&parent=107"}],"curies":[{"name":"wp","href":"https:\/\/api.w.org\/{rel}","templated":true}]}}