{"id":3,"date":"2022-01-23T12:52:17","date_gmt":"2022-01-23T12:52:17","guid":{"rendered":"https:\/\/www.forlagetfortid.dk\/?page_id=3"},"modified":"2025-07-20T12:15:38","modified_gmt":"2025-07-20T12:15:38","slug":"privacy-policy","status":"publish","type":"page","link":"https:\/\/www.forlagetfortid.dk\/?page_id=3","title":{"rendered":"Persondatapolitik &#038; cookies"},"content":{"rendered":"\t\t<div data-elementor-type=\"wp-page\" data-elementor-id=\"3\" class=\"elementor elementor-3\">\n\t\t\t\t\t\t<section class=\"elementor-section elementor-top-section elementor-element elementor-element-39391979 elementor-section-content-middle elementor-section-boxed elementor-section-height-default elementor-section-height-default\" data-id=\"39391979\" data-element_type=\"section\" data-e-type=\"section\">\n\t\t\t\t\t\t<div class=\"elementor-container elementor-column-gap-no\">\n\t\t\t\t\t<div class=\"elementor-column elementor-col-100 elementor-top-column elementor-element elementor-element-5b9b95fa\" data-id=\"5b9b95fa\" data-element_type=\"column\" data-e-type=\"column\">\n\t\t\t<div class=\"elementor-widget-wrap elementor-element-populated\">\n\t\t\t\t\t\t<div class=\"elementor-element elementor-element-2154e20b elementor-widget elementor-widget-heading\" data-id=\"2154e20b\" data-element_type=\"widget\" data-e-type=\"widget\" data-widget_type=\"heading.default\">\n\t\t\t\t<div class=\"elementor-widget-container\">\n\t\t\t\t\t<h4 class=\"elementor-heading-title elementor-size-default\"><b>Cookie- og privatlivspolitik<\/b><\/h4>\t\t\t\t<\/div>\n\t\t\t\t<\/div>\n\t\t\t\t<div class=\"elementor-element elementor-element-1ccccfe elementor-widget elementor-widget-text-editor\" data-id=\"1ccccfe\" data-element_type=\"widget\" data-e-type=\"widget\" data-widget_type=\"text-editor.default\">\n\t\t\t\t<div class=\"elementor-widget-container\">\n\t\t\t\t\t\t\t\t\t<p style=\"text-align: left;\">For at du kan indg\u00e5 en aftale med os, har vi brug for f\u00f8lgende oplysninger:<\/p><p style=\"text-align: center;\">Navn<br \/>Adresse<br \/>Telefonnummer<br \/>E-mail adresse<\/p><p style=\"text-align: left;\">Vi foretager registreringen af dine personoplysninger med det ene form\u00e5l at kunne levere varen til dig. Du accepterer, ved afgivelse af ovenn\u00e6vnte oplysninger, at vi kan kontakte dig pr. mail eller SMS med informationer om din ordre.<\/p><p style=\"text-align: left;\">N\u00e5r der indsamles personoplysninger via hjemmesiden, sikrer vi, at det altid sker ved afgivelse af dit udtrykkelige samtykke, s\u00e5ledes at du er informeret om, pr\u00e6cis hvilke oplysninger, der indsamles og hvorfor. Alle data behandles iht. Persondataloven.<\/p><p style=\"text-align: left;\"><strong>Cookies<\/strong><br \/>Websitet anvender &#8220;cookies&#8221;, der er en tekstfil, som gemmes p\u00e5 din computer, mobil el. tilsvarende med det form\u00e5l at genkende den, huske indstillinger og udf\u00f8re statistik. Cookies kan ikke indeholde skadelig kode som f.eks. virus.<\/p><p style=\"text-align: left;\">Det er muligt at slette eller blokere for cookies. Se vejledning: <a href=\"http:\/\/minecookies.org\/cookiehandtering\" target=\"_blank\" rel=\"noopener\">http:\/\/minecookies.org\/cookiehandtering<\/a><\/p><p style=\"text-align: left;\">Hvis du sletter eller blokerer cookies kan du risikere at websitet ikke fungerer optimalt, samt at der er indhold, du ikke kan f\u00e5 adgang til.<\/p><p style=\"text-align: left;\"><b>Personoplysningerne<\/b> registreres hos <i>Forlaget Fortid<\/i> og opbevares i 5 \u00e5r, regnet fra udgangen af det p\u00e5g\u00e6ldende regnskabs\u00e5r hvor handlen er gennemf\u00f8rt, hvorefter oplysningerne slettes.<\/p><p style=\"text-align: left;\">Oplysningerne gemmes iht. Bogf\u00f8ringslovens \u00a7 10.<\/p><p style=\"text-align: left;\">Oplysningerne opbevares sikkert og fortroligt p\u00e5 computer med begr\u00e6nset adgang i kontrollerede faciliteter. Sikkerhedskontrollen revideres l\u00f8bende for altid at kunne h\u00e5ndtere brugeroplysninger forsvarligt og iht. dine rettigheder som bruger. Der kan aldrig garanteres 100% sikkerhed ved dataoverf\u00f8rsler via internettet. Der kan v\u00e6re risiko for at andre uberettiget tiltvinger sig adgang til oplysninger, n\u00e5r data sendes og opbevares elektronisk &#8211; hvorfor du derfor afgiver dine personlige oplysninger p\u00e5 eget ansvar.<\/p><p style=\"text-align: left;\">Den hurtige udvikling af internettet betyder, at \u00e6ndringer i vores h\u00e5ndtering af persondata-oplysninger kan blive n\u00f8dvendige, hvorfor vi forbeholder os retten til at opdatere\/\u00e6ndre n\u00e6rv\u00e6rende retningslinjer for h\u00e5ndtering af personoplysninger. Bliver dette aktuelt, rettes datoen for \u201dsidst opdateret\u201d nederst p\u00e5 siden. Ved omfattende \u00e6ndringer gives synlig besked herom p\u00e5 websitet. Vi opbevarer ikke kundeoplysninger krypteret. Vi transmitterer ikke kundeoplysninger krypteret.<\/p><p style=\"text-align: left;\">Oplysninger afgivet til <i>Forlaget Fortid<\/i> videregives eller s\u00e6lges p\u00e5 ingen m\u00e5de til tredjemand, med mindre dette sker i forbindelse med en omstrukturering eller et helt eller delvist salg af virksomheden. Eventuel videregivelse i en s\u00e5dan situation vil ske i overensstemmelse med den til enhver tid g\u00e6ldende persondatalovgivning p\u00e5 omr\u00e5det. Vi registrerer ingen personf\u00f8lsomme oplysninger.<\/p><p style=\"text-align: left;\"><b>Indsigt og klager<\/b><br \/>Du har ret til at f\u00e5 oplyst, hvilke personoplysninger, vi behandler om dig i et almindeligt format (dataportabilitet). Du kan desuden til enhver tid g\u00f8re indsigelse mod, at oplysninger anvendes. Du kan ogs\u00e5 tilbagekalde dit samtykke til, at der bliver behandlet oplysninger om dig. Hvis de oplysninger, der behandles om dig, er forkerte har du ret til at de bliver rettet eller slettet. Henvendelse herom kan ske til: historieformidling@gmail.com. Hvis du vil klage over vores behandling af dine personoplysninger, har du ogs\u00e5 mulighed for at tage kontakt til Datatilsynet.<\/p><p style=\"text-align: left;\">\u00d8nsker du ikke l\u00e6ngere, at vi skal behandle dine personoplysninger, eller at vi skal begr\u00e6nse behandlingen af dine personoplysninger, kan du ogs\u00e5 sende os en anmodning herom til ovenn\u00e6vnte e-mailadresse.<\/p><p style=\"text-align: left;\">Hvis du vil klage over dit k\u00f8b, skal du rette henvendelse til historieformidling@gmail.com.<\/p><p style=\"text-align: left;\">Du har mulighed for at klage over behandlingen af dine oplysninger og data. Klagen indgives til Datatilsynet, jf. Persondatalovens $58, stk.1. Enhver tvist mellem forretningen og kunden afg\u00f8res under dansk lovgivning.<\/p><p style=\"text-align: left;\">Pr. 15. februar 2016 f\u00e5r europ\u00e6iske virksomheder og forbrugere en ny digital platform ODR. ODR skal g\u00f8re forbrugerklager over vare- og serviceydelser inden for EU lettere at h\u00e5ndtere. ODR st\u00e5 for Online Dispute Resolution (online-klagel\u00f8sning). For forbrugerne betyder dette, at de kan klage direkte til den europ\u00e6iske virksomhed hvor der er handlet. Form\u00e5let med ODR platformen er at binde en masse klageinstanser sammen.<\/p><p style=\"text-align: left;\">Er der noget galt med din ordre, eller lever den ikke op til dine forventninger, kontakt os da venligst, s\u00e5 vi sammen finder en tilfredsstillende l\u00f8sning. I henhold til loven skal vi henvise til flg. link &#8211; hvis ikke du \u00f8nsker at tale med os f\u00f8rst;\u00a0 <a href=\"http:\/\/ec.europa.eu\/consumers\/odr\/\">http:\/\/ec.europa.eu\/consumers\/odr\/<\/a><\/p><p style=\"text-align: left;\"><b>Udgiver<\/b><br \/>Websitet ejes og publiceres af:<\/p><p style=\"text-align: left;\">Forlaget Fortid<br \/>Fredensvej 8<br \/>4180 Sor\u00f8<br \/>Email: historieformidling@gmail.com<\/p><p style=\"text-align: left;\">Dataansvarlig er forlagets ejer: Aleksander Haug.<\/p><p style=\"text-align: center;\">Sidst opdateret: 20\/07-2025<\/p>\t\t\t\t\t\t\t\t<\/div>\n\t\t\t\t<\/div>\n\t\t\t\t\t<\/div>\n\t\t<\/div>\n\t\t\t\t\t<\/div>\n\t\t<\/section>\n\t\t\t\t<\/div>\n\t\t","protected":false},"excerpt":{"rendered":"<p>Cookie- og privatlivspolitik For at du kan indg\u00e5 en aftale med os, har vi brug for f\u00f8lgende oplysninger: NavnAdresseTelefonnummerE-mail adresse Vi foretager registreringen af dine personoplysninger med det ene form\u00e5l at kunne levere varen til dig. Du accepterer, ved afgivelse af ovenn\u00e6vnte oplysninger, at vi kan kontakte dig pr. mail eller SMS med informationer om [&hellip;]<\/p>\n","protected":false},"author":1,"featured_media":0,"parent":0,"menu_order":0,"comment_status":"closed","ping_status":"open","template":"","meta":{"footnotes":""},"class_list":["post-3","page","type-page","status-publish","hentry"],"_links":{"self":[{"href":"https:\/\/www.forlagetfortid.dk\/index.php?rest_route=\/wp\/v2\/pages\/3","targetHints":{"allow":["GET"]}}],"collection":[{"href":"https:\/\/www.forlagetfortid.dk\/index.php?rest_route=\/wp\/v2\/pages"}],"about":[{"href":"https:\/\/www.forlagetfortid.dk\/index.php?rest_route=\/wp\/v2\/types\/page"}],"author":[{"embeddable":true,"href":"https:\/\/www.forlagetfortid.dk\/index.php?rest_route=\/wp\/v2\/users\/1"}],"replies":[{"embeddable":true,"href":"https:\/\/www.forlagetfortid.dk\/index.php?rest_route=%2Fwp%2Fv2%2Fcomments&post=3"}],"version-history":[{"count":30,"href":"https:\/\/www.forlagetfortid.dk\/index.php?rest_route=\/wp\/v2\/pages\/3\/revisions"}],"predecessor-version":[{"id":358,"href":"https:\/\/www.forlagetfortid.dk\/index.php?rest_route=\/wp\/v2\/pages\/3\/revisions\/358"}],"wp:attachment":[{"href":"https:\/\/www.forlagetfortid.dk\/index.php?rest_route=%2Fwp%2Fv2%2Fmedia&parent=3"}],"curies":[{"name":"wp","href":"https:\/\/api.w.org\/{rel}","templated":true}]}}