{"id":8,"date":"2022-01-23T12:23:18","date_gmt":"2022-01-23T12:23:18","guid":{"rendered":"https:\/\/www.forlagetfortid.dk\/?page_id=8"},"modified":"2022-01-23T20:27:46","modified_gmt":"2022-01-23T20:27:46","slug":"udgivelser","status":"publish","type":"page","link":"https:\/\/www.forlagetfortid.dk\/?page_id=8","title":{"rendered":"Udgivelser"},"content":{"rendered":"\t\t<div data-elementor-type=\"wp-page\" data-elementor-id=\"8\" class=\"elementor elementor-8\">\n\t\t\t\t\t\t<section class=\"elementor-section elementor-top-section elementor-element elementor-element-44f7e314 elementor-section-content-middle elementor-section-boxed elementor-section-height-default elementor-section-height-default\" data-id=\"44f7e314\" data-element_type=\"section\" data-e-type=\"section\">\n\t\t\t\t\t\t<div class=\"elementor-container elementor-column-gap-no\">\n\t\t\t\t\t<div class=\"elementor-column elementor-col-100 elementor-top-column elementor-element elementor-element-4e25ecd9\" data-id=\"4e25ecd9\" data-element_type=\"column\" data-e-type=\"column\">\n\t\t\t<div class=\"elementor-widget-wrap elementor-element-populated\">\n\t\t\t\t\t\t<div class=\"elementor-element elementor-element-58ae594f elementor-widget elementor-widget-heading\" data-id=\"58ae594f\" data-element_type=\"widget\" data-e-type=\"widget\" data-widget_type=\"heading.default\">\n\t\t\t\t<div class=\"elementor-widget-container\">\n\t\t\t\t\t<h4 class=\"elementor-heading-title elementor-size-default\">Udgivelser<\/h4>\t\t\t\t<\/div>\n\t\t\t\t<\/div>\n\t\t\t\t<div class=\"elementor-element elementor-element-48ec3c86 elementor-widget elementor-widget-text-editor\" data-id=\"48ec3c86\" data-element_type=\"widget\" data-e-type=\"widget\" data-widget_type=\"text-editor.default\">\n\t\t\t\t<div class=\"elementor-widget-container\">\n\t\t\t\t\t\t\t\t\t<p>Med tiden vil denne side vise forlagets udgivelser og forfattere.<\/p><p><i>Forlaget Fortid<\/i> er et lille foretagende, og arbejdet med nye udgivelser sker sidel\u00f8bende med vores prim\u00e6re arbejde. <\/p><p>Udgivelseskadencen vil derfor ikke v\u00e6re imponerende. <br \/>Men vi h\u00e5ber, at det vi <i>kan<\/i> tilbyde er af h\u00f8j kvalitet, interessant og anvendeligt. <\/p>\t\t\t\t\t\t\t\t<\/div>\n\t\t\t\t<\/div>\n\t\t\t\t\t<\/div>\n\t\t<\/div>\n\t\t\t\t\t<\/div>\n\t\t<\/section>\n\t\t\t\t<\/div>\n\t\t","protected":false},"excerpt":{"rendered":"<p>Udgivelser Med tiden vil denne side vise forlagets udgivelser og forfattere. Forlaget Fortid er et lille foretagende, og arbejdet med nye udgivelser sker sidel\u00f8bende med vores prim\u00e6re arbejde. Udgivelseskadencen vil derfor ikke v\u00e6re imponerende. Men vi h\u00e5ber, at det vi kan tilbyde er af h\u00f8j kvalitet, interessant og anvendeligt.<\/p>\n","protected":false},"author":1,"featured_media":0,"parent":0,"menu_order":0,"comment_status":"closed","ping_status":"closed","template":"","meta":{"footnotes":""},"class_list":["post-8","page","type-page","status-publish","hentry"],"_links":{"self":[{"href":"https:\/\/www.forlagetfortid.dk\/index.php?rest_route=\/wp\/v2\/pages\/8","targetHints":{"allow":["GET"]}}],"collection":[{"href":"https:\/\/www.forlagetfortid.dk\/index.php?rest_route=\/wp\/v2\/pages"}],"about":[{"href":"https:\/\/www.forlagetfortid.dk\/index.php?rest_route=\/wp\/v2\/types\/page"}],"author":[{"embeddable":true,"href":"https:\/\/www.forlagetfortid.dk\/index.php?rest_route=\/wp\/v2\/users\/1"}],"replies":[{"embeddable":true,"href":"https:\/\/www.forlagetfortid.dk\/index.php?rest_route=%2Fwp%2Fv2%2Fcomments&post=8"}],"version-history":[{"count":16,"href":"https:\/\/www.forlagetfortid.dk\/index.php?rest_route=\/wp\/v2\/pages\/8\/revisions"}],"predecessor-version":[{"id":268,"href":"https:\/\/www.forlagetfortid.dk\/index.php?rest_route=\/wp\/v2\/pages\/8\/revisions\/268"}],"wp:attachment":[{"href":"https:\/\/www.forlagetfortid.dk\/index.php?rest_route=%2Fwp%2Fv2%2Fmedia&parent=8"}],"curies":[{"name":"wp","href":"https:\/\/api.w.org\/{rel}","templated":true}]}}